{"id":950,"date":"2015-05-28T12:58:08","date_gmt":"2015-05-28T10:58:08","guid":{"rendered":"http:\/\/www.slovchips.sk\/?page_id=950"},"modified":"2015-05-28T12:58:08","modified_gmt":"2015-05-28T10:58:08","slug":"home","status":"publish","type":"page","link":"https:\/\/slovchips.sk\/en\/","title":{"rendered":"Home"},"content":{"rendered":"","protected":false},"excerpt":{"rendered":"","protected":false},"author":1,"featured_media":0,"parent":0,"menu_order":0,"comment_status":"closed","ping_status":"closed","template":"template-frontpage.php","meta":{"footnotes":""},"yoast_head":"<!-- This site is optimized with the Yoast SEO plugin v24.5 - https:\/\/yoast.com\/wordpress\/plugins\/seo\/ -->\n<title>SlovChips - Home<\/title>\n<meta name=\"robots\" content=\"index, follow, max-snippet:-1, max-image-preview:large, max-video-preview:-1\" \/>\n<link rel=\"canonical\" href=\"https:\/\/slovchips.sk\/en\/\" \/>\n<meta property=\"og:locale\" content=\"en_US\" \/>\n<meta property=\"og:type\" content=\"article\" \/>\n<meta property=\"og:title\" content=\"SlovChips - Home\" \/>\n<meta property=\"og:url\" content=\"https:\/\/slovchips.sk\/en\/\" \/>\n<meta property=\"og:site_name\" content=\"SlovChips\" \/>\n<meta property=\"article:publisher\" content=\"https:\/\/www.facebook.com\/slovenskechipsy\" \/>\n<script type=\"application\/ld+json\" class=\"yoast-schema-graph\">{\"@context\":\"https:\/\/schema.org\",\"@graph\":[{\"@type\":\"WebPage\",\"@id\":\"https:\/\/slovchips.sk\/en\/\",\"url\":\"https:\/\/slovchips.sk\/en\/\",\"name\":\"SlovChips - Home\",\"isPartOf\":{\"@id\":\"https:\/\/slovchips.sk\/en\/#website\"},\"datePublished\":\"2015-05-28T10:58:08+00:00\",\"breadcrumb\":{\"@id\":\"https:\/\/slovchips.sk\/en\/#breadcrumb\"},\"inLanguage\":\"en-US\",\"potentialAction\":[{\"@type\":\"ReadAction\",\"target\":[\"https:\/\/slovchips.sk\/en\/\"]}]},{\"@type\":\"BreadcrumbList\",\"@id\":\"https:\/\/slovchips.sk\/en\/#breadcrumb\",\"itemListElement\":[{\"@type\":\"ListItem\",\"position\":1,\"name\":\"Dom\u00e1ca str\u00e1nka\",\"item\":\"https:\/\/slovchips.sk\/en\/\"},{\"@type\":\"ListItem\",\"position\":2,\"name\":\"Home\"}]},{\"@type\":\"WebSite\",\"@id\":\"https:\/\/slovchips.sk\/en\/#website\",\"url\":\"https:\/\/slovchips.sk\/en\/\",\"name\":\"SlovChips\",\"description\":\"Jedine\u010dn\u00e9 slovensk\u00e9 chipsy\",\"potentialAction\":[{\"@type\":\"SearchAction\",\"target\":{\"@type\":\"EntryPoint\",\"urlTemplate\":\"https:\/\/slovchips.sk\/en\/?s={search_term_string}\"},\"query-input\":{\"@type\":\"PropertyValueSpecification\",\"valueRequired\":true,\"valueName\":\"search_term_string\"}}],\"inLanguage\":\"en-US\"}]}<\/script>\n<!-- \/ Yoast SEO plugin. -->","yoast_head_json":{"title":"SlovChips - Home","robots":{"index":"index","follow":"follow","max-snippet":"max-snippet:-1","max-image-preview":"max-image-preview:large","max-video-preview":"max-video-preview:-1"},"canonical":"https:\/\/slovchips.sk\/en\/","og_locale":"en_US","og_type":"article","og_title":"SlovChips - Home","og_url":"https:\/\/slovchips.sk\/en\/","og_site_name":"SlovChips","article_publisher":"https:\/\/www.facebook.com\/slovenskechipsy","schema":{"@context":"https:\/\/schema.org","@graph":[{"@type":"WebPage","@id":"https:\/\/slovchips.sk\/en\/","url":"https:\/\/slovchips.sk\/en\/","name":"SlovChips - Home","isPartOf":{"@id":"https:\/\/slovchips.sk\/en\/#website"},"datePublished":"2015-05-28T10:58:08+00:00","breadcrumb":{"@id":"https:\/\/slovchips.sk\/en\/#breadcrumb"},"inLanguage":"en-US","potentialAction":[{"@type":"ReadAction","target":["https:\/\/slovchips.sk\/en\/"]}]},{"@type":"BreadcrumbList","@id":"https:\/\/slovchips.sk\/en\/#breadcrumb","itemListElement":[{"@type":"ListItem","position":1,"name":"Dom\u00e1ca str\u00e1nka","item":"https:\/\/slovchips.sk\/en\/"},{"@type":"ListItem","position":2,"name":"Home"}]},{"@type":"WebSite","@id":"https:\/\/slovchips.sk\/en\/#website","url":"https:\/\/slovchips.sk\/en\/","name":"SlovChips","description":"Jedine\u010dn\u00e9 slovensk\u00e9 chipsy","potentialAction":[{"@type":"SearchAction","target":{"@type":"EntryPoint","urlTemplate":"https:\/\/slovchips.sk\/en\/?s={search_term_string}"},"query-input":{"@type":"PropertyValueSpecification","valueRequired":true,"valueName":"search_term_string"}}],"inLanguage":"en-US"}]}},"_links":{"self":[{"href":"https:\/\/slovchips.sk\/en\/wp-json\/wp\/v2\/pages\/950"}],"collection":[{"href":"https:\/\/slovchips.sk\/en\/wp-json\/wp\/v2\/pages"}],"about":[{"href":"https:\/\/slovchips.sk\/en\/wp-json\/wp\/v2\/types\/page"}],"author":[{"embeddable":true,"href":"https:\/\/slovchips.sk\/en\/wp-json\/wp\/v2\/users\/1"}],"replies":[{"embeddable":true,"href":"https:\/\/slovchips.sk\/en\/wp-json\/wp\/v2\/comments?post=950"}],"version-history":[{"count":1,"href":"https:\/\/slovchips.sk\/en\/wp-json\/wp\/v2\/pages\/950\/revisions"}],"predecessor-version":[{"id":2340,"href":"https:\/\/slovchips.sk\/en\/wp-json\/wp\/v2\/pages\/950\/revisions\/2340"}],"wp:attachment":[{"href":"https:\/\/slovchips.sk\/en\/wp-json\/wp\/v2\/media?parent=950"}],"curies":[{"name":"wp","href":"https:\/\/api.w.org\/{rel}","templated":true}]}}