{"id":964,"date":"2015-05-24T21:43:26","date_gmt":"2015-05-24T19:43:26","guid":{"rendered":"http:\/\/www.slovchips.sk\/?page_id=964"},"modified":"2024-03-21T21:58:08","modified_gmt":"2024-03-21T19:58:08","slug":"contact-us","status":"publish","type":"page","link":"https:\/\/slovchips.sk\/en\/contact-us\/","title":{"rendered":"Contact us"},"content":{"rendered":"<h1 class=\"nadpis-velky\">SlovChips s.r.o.<\/h1>\n<h2 class=\"kontakty\"><i class=\"fa fa-map-marker\"><\/i> Tatransk\u00e1 126, 05311 Smi\u017eany<\/h2>\n<h2 class=\"kontakty\"><i class=\"fa fa-phone\"><\/i> (+421) 917 616 208<\/h2>\n<h2 class=\"kontakty\"><i class=\"fa fa-fax\"><\/i> (+421) 53 4299635<\/h2>\n<div class=\"cisc-row\"><br \/><div  class=\" cisc-col-md-4 cisc-col-sm-6 cisc-col-xs-12\"><\/p>\n<h2 class=\"kontakt-nadpis\">Production manager<\/h2>\n<ul class=\"kontakt-list\">\n<li class=\"meno\">Handlovi\u010d Ivan<\/li>\n<li>(+421) 918 909 363<\/li>\n<li><a href=\"mailto:handlovic@slovchips.sk\">handlovic@slovchips.sk<\/a><\/li>\n<\/ul>\n<p><\/div><div  class=\" cisc-col-md-4 cisc-col-sm-6 cisc-col-xs-12\"><\/p>\n<h2 class=\"kontakt-nadpis\">Business manager<\/h2>\n<ul class=\"kontakt-list\">\n<li class=\"meno\">Benko Pavol<\/li>\n<li>(+421) 917 636 032<\/li>\n<li><a href=\"mailto:obchod@slovchips.sk\">obchod@slovchips.sk<\/a><\/li>\n<\/ul>\n<p><\/div><div  class=\" cisc-col-md-4 cisc-col-sm-6 cisc-col-xs-12\"><\/p>\n<h2 class=\"kontakt-nadpis\">Economy department<\/h2>\n<ul class=\"kontakt-list\">\n<li class=\"meno\">Ivana Slivov\u00e1<\/li>\n<li><a href=\"mailto:uctaren@slovchips.sk\">uctaren@slovchips.sk<\/a><\/li>\n<li class=\"meno\">Ra\u010dkov\u00e1 Alica<\/li>\n<li><a href=\"mailto:slovchips@slovchips.sk\">slovchips@slovchips.sk<\/a><\/li>\n<\/ul>\n<p><\/div><\/p>\n<p><div  class=\" cisc-col-md-4 cisc-col-sm-6 cisc-col-xs-12\"><\/p>\n<h2 class=\"kontakt-nadpis\">Office manager<\/h2>\n<ul class=\"kontakt-list\">\n<li class=\"meno\">Simona Matejkov\u00e1 D\u017ea\u010dovsk\u00e1<\/li>\n<li><a href=\"mailto:office@slovchips.sk\">office@slovchips.sk<\/a><\/li>\n<li>(+421) 915 959 136<\/li>\n<\/ul>\n<p><\/div><\/p>\n<p><\/div>\n<div class=\"cisc-row\"><\/p>\n<p><div  class=\" cisc-col-md-4 cisc-col-sm-6 cisc-col-xs-12\"><\/p>\n<h2 class=\"kontakt-nadpis\">Sales manager<\/h2>\n<h4 class=\"vychodne_slovensko \">eastern slovakia<\/h4>\n<ul class=\"kontakt-list\">\n<li class=\"meno\">Szapola Tom\u00e1\u0161<\/li>\n<li>(+421) 905 309 719<\/li>\n<li><a href=\"mailto:szapola@slovchips.sk\">szapola@slovchips.sk<\/a><\/li>\n<\/ul>\n<p><\/div><div  class=\" cisc-col-md-4 cisc-col-sm-6 cisc-col-xs-12\"><\/p>\n<h2 class=\"kontakt-nadpis\">Sales manager<\/h2>\n<h4 class=\"vychodne_slovensko \">central slovakia<\/h4>\n<ul class=\"kontakt-list\">\n<li class=\"meno\">\u013dubica Kri\u0161\u00e1kov\u00e1<\/li>\n<li>(+421) 917 637 024<\/li>\n<li><a href=\"mailto:krisakova@slovchips.sk\">krisakova@slovchips.sk<\/a><\/li>\n<\/ul>\n<p><\/div><div  class=\" cisc-col-md-4 cisc-col-sm-6 cisc-col-xs-12\"><\/p>\n<h2 class=\"kontakt-nadpis\">Sales manager<\/h2>\n<h4 class=\"zapadne_slovensko \">western slovakia<\/h4>\n<ul class=\"kontakt-list\">\n<li class=\"meno\">Martin Pole\u0161ensk\u00fd<\/li>\n<li>(+421) 907 537 414<\/li>\n<li><a href=\"mailto:polesensky@slovchips.sk\">polesensky@slovchips.sk<\/a><\/li>\n<\/ul>\n<p><\/div><\/p>\n<p><div  class=\" cisc-col-md-4 cisc-col-sm-6 cisc-col-xs-12\"><\/p>\n<h2 class=\"kontakt-nadpis\">Export-import<\/h2>\n<h4 class=\"vychodne_slovensko \">foreign trade manager<\/h4>\n<ul class=\"kontakt-list\">\n<li class=\"meno\">Monika Vantrobov\u00e1<\/li>\n<li>(+421) 905 432 443<\/li>\n<li><a href=\"mailto:export-import@slovchips.sk\">export-import@slovchips.sk<\/a><\/li>\n<\/ul>\n<p><\/div><\/p>\n<p><div  class=\" cisc-col-md-4 cisc-col-sm-6 cisc-col-xs-12\"><\/p>\n<h2 class=\"kontakt-nadpis\">Sales manager<\/h2>\n<h4 class=\"vychodne_slovensko \">Sweden<\/h4>\n<ul class=\"kontakt-list\">\n<li class=\"meno\">Marcel Vozniak<\/li>\n<li>(+46) 709246134<\/li>\n<li><a href=\"mailto:vozniak.se@slovchips.sk\">vozniak.se@slovchips.sk<\/a><\/li>\n<\/ul>\n<p><\/div><\/p>\n<p><div  class=\" cisc-col-md-4 cisc-col-sm-6 cisc-col-xs-12\"><\/p>\n<h2 class=\"kontakt-nadpis\">Sales manager<\/h2>\n<h4 class=\"vychodne_slovensko \">Ireland<\/h4>\n<ul class=\"kontakt-list\">\n<li class=\"meno\">Dominika Trginova<\/li>\n<li>(+35) 386 255 3242<\/li>\n<li><a href=\"mailto:trginova.irl@slovchips.sk\">trginova.irl@slovchips.sk<\/a><\/li>\n<\/ul>\n<p><\/div><\/p>\n<p><div  class=\" cisc-col-md-4 cisc-col-sm-6 cisc-col-xs-12\"><\/p>\n<p><\/div><div  class=\" cisc-col-md-4 cisc-col-sm-6 cisc-col-xs-12\"><\/p>\n<p><\/div><\/p>\n<p><\/div>\n<div class=\"cisc-row\"><\/p>\n<p><div  class=\" cisc-col-md-4 cisc-col-sm-6 cisc-col-xs-12\"><\/p>\n<h2 class=\"kontakt-nadpis\">Sales manager<\/h2>\n<h4 class=\"vychodne_slovensko \">Hungary<\/h4>\n<ul class=\"kontakt-list\">\n<li class=\"meno\">Franti\u0161ek Moln\u00e1r<\/li>\n<li>(+421) 905 377 626<\/li>\n<\/ul>\n<p><\/div><\/p>\n<p><div  class=\" cisc-col-md-4 cisc-col-sm-6 cisc-col-xs-12\"><\/p>\n<h2 class=\"kontakt-nadpis\">Sales manager<\/h2>\n<h4 class=\"vychodne_slovensko \">England, Scotland, Netherlands, Belgium<\/h4>\n<ul class=\"kontakt-list\">\n<li class=\"meno\">Ladislav Petrek<\/li>\n<li>(+421) 901 712 711<\/li>\n<li><a href=\"mailto:petrek@slovchips.sk\">petrek@slovchips.sk<\/a><\/li>\n<\/ul>\n<p><\/div><\/p>\n<p><\/div>\n<h1 class=\"nadpis-velky\">Send us a message<\/h1>\n\n<div class=\"wpcf7 no-js\" id=\"wpcf7-f1046-o1\" lang=\"sk-SK\" dir=\"ltr\">\n<div class=\"screen-reader-response\"><p role=\"status\" aria-live=\"polite\" aria-atomic=\"true\"><\/p> <ul><\/ul><\/div>\n<form action=\"\/en\/wp-json\/wp\/v2\/pages\/964#wpcf7-f1046-o1\" method=\"post\" class=\"wpcf7-form init\" aria-label=\"Kontaktn\u00fd formul\u00e1r\" novalidate=\"novalidate\" data-status=\"init\">\n<div style=\"display: none;\">\n<input type=\"hidden\" name=\"_wpcf7\" value=\"1046\" \/>\n<input type=\"hidden\" name=\"_wpcf7_version\" value=\"5.9.8\" \/>\n<input type=\"hidden\" name=\"_wpcf7_locale\" value=\"sk_SK\" \/>\n<input type=\"hidden\" name=\"_wpcf7_unit_tag\" value=\"wpcf7-f1046-o1\" \/>\n<input type=\"hidden\" name=\"_wpcf7_container_post\" value=\"0\" \/>\n<input type=\"hidden\" name=\"_wpcf7_posted_data_hash\" value=\"\" \/>\n<\/div>\n<p>Your name (required)\n<\/p>\n<p><span class=\"wpcf7-form-control-wrap\" data-name=\"your-name\"><input size=\"40\" maxlength=\"400\" class=\"wpcf7-form-control wpcf7-text wpcf7-validates-as-required\" aria-required=\"true\" aria-invalid=\"false\" value=\"\" type=\"text\" name=\"your-name\" \/><\/span>\n<\/p>\n<p>Your e-mail (required)\n<\/p>\n<p><span class=\"wpcf7-form-control-wrap\" data-name=\"your-email\"><input size=\"40\" maxlength=\"400\" class=\"wpcf7-form-control wpcf7-email wpcf7-validates-as-required wpcf7-text wpcf7-validates-as-email\" aria-required=\"true\" aria-invalid=\"false\" value=\"\" type=\"email\" name=\"your-email\" \/><\/span>\n<\/p>\n<p>Subject\n<\/p>\n<p><span class=\"wpcf7-form-control-wrap\" data-name=\"your-subject\"><input size=\"40\" maxlength=\"400\" class=\"wpcf7-form-control wpcf7-text\" aria-invalid=\"false\" value=\"\" type=\"text\" name=\"your-subject\" \/><\/span>\n<\/p>\n<p>Message\n<\/p>\n<p><span class=\"wpcf7-form-control-wrap\" data-name=\"your-message\"><textarea cols=\"40\" rows=\"10\" maxlength=\"2000\" class=\"wpcf7-form-control wpcf7-textarea\" aria-invalid=\"false\" name=\"your-message\"><\/textarea><\/span>\n<\/p>\n<p><input class=\"wpcf7-form-control wpcf7-submit has-spinner\" type=\"submit\" value=\"Submit\" \/>\n<\/p><p style=\"display: none !important;\" class=\"akismet-fields-container\" data-prefix=\"_wpcf7_ak_\"><label>&#916;<textarea name=\"_wpcf7_ak_hp_textarea\" cols=\"45\" rows=\"8\" maxlength=\"100\"><\/textarea><\/label><input type=\"hidden\" id=\"ak_js_1\" name=\"_wpcf7_ak_js\" value=\"203\"\/><script type=\"text\/javascript\">\n\/* <![CDATA[ *\/\ndocument.getElementById( \"ak_js_1\" ).setAttribute( \"value\", ( new Date() ).getTime() );\n\/* ]]> *\/\n<\/script>\n<\/p><div class=\"wpcf7-response-output\" aria-hidden=\"true\"><\/div>\n<\/form>\n<\/div>\n\n\n\n<p><\/p>\n","protected":false},"excerpt":{"rendered":"<p>SlovChips s.r.o. Tatransk\u00e1 126, 05311 Smi\u017eany (+421) 917 616 208 (+421) 53 4299635 Send us a message<\/p>\n","protected":false},"author":1,"featured_media":0,"parent":0,"menu_order":0,"comment_status":"closed","ping_status":"closed","template":"template-contact.php","meta":{"footnotes":""},"yoast_head":"<!-- This site is optimized with the Yoast SEO plugin v24.5 - https:\/\/yoast.com\/wordpress\/plugins\/seo\/ -->\n<title>SlovChips - Contact us<\/title>\n<meta name=\"description\" content=\"SlovChips - unique potato chips made in Slovakia. Top quality potato chips, pretzel sticks and saltines. Made in Slovakia.\" \/>\n<meta name=\"robots\" content=\"index, follow, max-snippet:-1, max-image-preview:large, max-video-preview:-1\" \/>\n<link rel=\"canonical\" href=\"https:\/\/www.slovchips.sk\/en\/contact-us\/\" \/>\n<meta property=\"og:locale\" content=\"en_US\" \/>\n<meta property=\"og:type\" content=\"article\" \/>\n<meta property=\"og:title\" content=\"SlovChips - Contact us\" \/>\n<meta property=\"og:description\" content=\"SlovChips - unique potato chips made in Slovakia. Top quality potato chips, pretzel sticks and saltines. Made in Slovakia.\" \/>\n<meta property=\"og:url\" content=\"https:\/\/www.slovchips.sk\/en\/contact-us\/\" \/>\n<meta property=\"og:site_name\" content=\"SlovChips\" \/>\n<meta property=\"article:publisher\" content=\"https:\/\/www.facebook.com\/slovenskechipsy\" \/>\n<meta property=\"article:modified_time\" content=\"2024-03-21T19:58:08+00:00\" \/>\n<meta name=\"twitter:label1\" content=\"Est. reading time\" \/>\n\t<meta name=\"twitter:data1\" content=\"1 minute\" \/>\n<script type=\"application\/ld+json\" class=\"yoast-schema-graph\">{\"@context\":\"https:\/\/schema.org\",\"@graph\":[{\"@type\":\"WebPage\",\"@id\":\"https:\/\/www.slovchips.sk\/en\/contact-us\/\",\"url\":\"https:\/\/www.slovchips.sk\/en\/contact-us\/\",\"name\":\"SlovChips - Contact us\",\"isPartOf\":{\"@id\":\"https:\/\/www.slovchips.sk\/en\/#website\"},\"datePublished\":\"2015-05-24T19:43:26+00:00\",\"dateModified\":\"2024-03-21T19:58:08+00:00\",\"description\":\"SlovChips - unique potato chips made in Slovakia. Top quality potato chips, pretzel sticks and saltines. Made in Slovakia.\",\"breadcrumb\":{\"@id\":\"https:\/\/www.slovchips.sk\/en\/contact-us\/#breadcrumb\"},\"inLanguage\":\"en-US\",\"potentialAction\":[{\"@type\":\"ReadAction\",\"target\":[\"https:\/\/www.slovchips.sk\/en\/contact-us\/\"]}]},{\"@type\":\"BreadcrumbList\",\"@id\":\"https:\/\/www.slovchips.sk\/en\/contact-us\/#breadcrumb\",\"itemListElement\":[{\"@type\":\"ListItem\",\"position\":1,\"name\":\"Dom\u00e1ca str\u00e1nka\",\"item\":\"https:\/\/www.slovchips.sk\/en\/\"},{\"@type\":\"ListItem\",\"position\":2,\"name\":\"Contact us\"}]},{\"@type\":\"WebSite\",\"@id\":\"https:\/\/www.slovchips.sk\/en\/#website\",\"url\":\"https:\/\/www.slovchips.sk\/en\/\",\"name\":\"SlovChips\",\"description\":\"Jedine\u010dn\u00e9 slovensk\u00e9 chipsy\",\"potentialAction\":[{\"@type\":\"SearchAction\",\"target\":{\"@type\":\"EntryPoint\",\"urlTemplate\":\"https:\/\/www.slovchips.sk\/en\/?s={search_term_string}\"},\"query-input\":{\"@type\":\"PropertyValueSpecification\",\"valueRequired\":true,\"valueName\":\"search_term_string\"}}],\"inLanguage\":\"en-US\"}]}<\/script>\n<!-- \/ Yoast SEO plugin. -->","yoast_head_json":{"title":"SlovChips - Contact us","description":"SlovChips - unique potato chips made in Slovakia. Top quality potato chips, pretzel sticks and saltines. Made in Slovakia.","robots":{"index":"index","follow":"follow","max-snippet":"max-snippet:-1","max-image-preview":"max-image-preview:large","max-video-preview":"max-video-preview:-1"},"canonical":"https:\/\/www.slovchips.sk\/en\/contact-us\/","og_locale":"en_US","og_type":"article","og_title":"SlovChips - Contact us","og_description":"SlovChips - unique potato chips made in Slovakia. Top quality potato chips, pretzel sticks and saltines. Made in Slovakia.","og_url":"https:\/\/www.slovchips.sk\/en\/contact-us\/","og_site_name":"SlovChips","article_publisher":"https:\/\/www.facebook.com\/slovenskechipsy","article_modified_time":"2024-03-21T19:58:08+00:00","twitter_misc":{"Est. reading time":"1 minute"},"schema":{"@context":"https:\/\/schema.org","@graph":[{"@type":"WebPage","@id":"https:\/\/www.slovchips.sk\/en\/contact-us\/","url":"https:\/\/www.slovchips.sk\/en\/contact-us\/","name":"SlovChips - Contact us","isPartOf":{"@id":"https:\/\/www.slovchips.sk\/en\/#website"},"datePublished":"2015-05-24T19:43:26+00:00","dateModified":"2024-03-21T19:58:08+00:00","description":"SlovChips - unique potato chips made in Slovakia. Top quality potato chips, pretzel sticks and saltines. Made in Slovakia.","breadcrumb":{"@id":"https:\/\/www.slovchips.sk\/en\/contact-us\/#breadcrumb"},"inLanguage":"en-US","potentialAction":[{"@type":"ReadAction","target":["https:\/\/www.slovchips.sk\/en\/contact-us\/"]}]},{"@type":"BreadcrumbList","@id":"https:\/\/www.slovchips.sk\/en\/contact-us\/#breadcrumb","itemListElement":[{"@type":"ListItem","position":1,"name":"Dom\u00e1ca str\u00e1nka","item":"https:\/\/www.slovchips.sk\/en\/"},{"@type":"ListItem","position":2,"name":"Contact us"}]},{"@type":"WebSite","@id":"https:\/\/www.slovchips.sk\/en\/#website","url":"https:\/\/www.slovchips.sk\/en\/","name":"SlovChips","description":"Jedine\u010dn\u00e9 slovensk\u00e9 chipsy","potentialAction":[{"@type":"SearchAction","target":{"@type":"EntryPoint","urlTemplate":"https:\/\/www.slovchips.sk\/en\/?s={search_term_string}"},"query-input":{"@type":"PropertyValueSpecification","valueRequired":true,"valueName":"search_term_string"}}],"inLanguage":"en-US"}]}},"_links":{"self":[{"href":"https:\/\/slovchips.sk\/en\/wp-json\/wp\/v2\/pages\/964"}],"collection":[{"href":"https:\/\/slovchips.sk\/en\/wp-json\/wp\/v2\/pages"}],"about":[{"href":"https:\/\/slovchips.sk\/en\/wp-json\/wp\/v2\/types\/page"}],"author":[{"embeddable":true,"href":"https:\/\/slovchips.sk\/en\/wp-json\/wp\/v2\/users\/1"}],"replies":[{"embeddable":true,"href":"https:\/\/slovchips.sk\/en\/wp-json\/wp\/v2\/comments?post=964"}],"version-history":[{"count":5,"href":"https:\/\/slovchips.sk\/en\/wp-json\/wp\/v2\/pages\/964\/revisions"}],"predecessor-version":[{"id":2574,"href":"https:\/\/slovchips.sk\/en\/wp-json\/wp\/v2\/pages\/964\/revisions\/2574"}],"wp:attachment":[{"href":"https:\/\/slovchips.sk\/en\/wp-json\/wp\/v2\/media?parent=964"}],"curies":[{"name":"wp","href":"https:\/\/api.w.org\/{rel}","templated":true}]}}