{"id":1892,"date":"2020-04-03T08:58:00","date_gmt":"2020-04-03T06:58:00","guid":{"rendered":"https:\/\/slovchips.sk\/?page_id=1892"},"modified":"2020-04-03T15:34:06","modified_gmt":"2020-04-03T13:34:06","slug":"rolunk","status":"publish","type":"page","link":"https:\/\/slovchips.sk\/hu\/rolunk\/","title":{"rendered":"R\u00f3lunk"},"content":{"rendered":"","protected":false},"excerpt":{"rendered":"","protected":false},"author":4,"featured_media":0,"parent":0,"menu_order":0,"comment_status":"closed","ping_status":"closed","template":"template-listing.php","meta":{"footnotes":""},"yoast_head":"<!-- This site is optimized with the Yoast SEO plugin v24.5 - https:\/\/yoast.com\/wordpress\/plugins\/seo\/ -->\n<title>SlovChips - R\u00f3lunk<\/title>\n<meta name=\"robots\" content=\"index, follow, max-snippet:-1, max-image-preview:large, max-video-preview:-1\" \/>\n<link rel=\"canonical\" href=\"https:\/\/slovchips.sk\/hu\/rolunk\/\" \/>\n<meta property=\"og:locale\" content=\"hu_HU\" \/>\n<meta property=\"og:type\" content=\"article\" \/>\n<meta property=\"og:title\" content=\"SlovChips - R\u00f3lunk\" \/>\n<meta property=\"og:url\" content=\"https:\/\/slovchips.sk\/hu\/rolunk\/\" \/>\n<meta property=\"og:site_name\" content=\"SlovChips\" \/>\n<meta property=\"article:publisher\" content=\"https:\/\/www.facebook.com\/slovenskechipsy\" \/>\n<meta property=\"article:modified_time\" content=\"2020-04-03T13:34:06+00:00\" \/>\n<script type=\"application\/ld+json\" class=\"yoast-schema-graph\">{\"@context\":\"https:\/\/schema.org\",\"@graph\":[{\"@type\":\"WebPage\",\"@id\":\"https:\/\/slovchips.sk\/hu\/rolunk\/\",\"url\":\"https:\/\/slovchips.sk\/hu\/rolunk\/\",\"name\":\"SlovChips - R\u00f3lunk\",\"isPartOf\":{\"@id\":\"https:\/\/slovchips.sk\/#website\"},\"datePublished\":\"2020-04-03T06:58:00+00:00\",\"dateModified\":\"2020-04-03T13:34:06+00:00\",\"breadcrumb\":{\"@id\":\"https:\/\/slovchips.sk\/hu\/rolunk\/#breadcrumb\"},\"inLanguage\":\"hu\",\"potentialAction\":[{\"@type\":\"ReadAction\",\"target\":[\"https:\/\/slovchips.sk\/hu\/rolunk\/\"]}]},{\"@type\":\"BreadcrumbList\",\"@id\":\"https:\/\/slovchips.sk\/hu\/rolunk\/#breadcrumb\",\"itemListElement\":[{\"@type\":\"ListItem\",\"position\":1,\"name\":\"Dom\u00e1ca str\u00e1nka\",\"item\":\"https:\/\/slovchips.sk\/hu\/\"},{\"@type\":\"ListItem\",\"position\":2,\"name\":\"R\u00f3lunk\"}]},{\"@type\":\"WebSite\",\"@id\":\"https:\/\/slovchips.sk\/#website\",\"url\":\"https:\/\/slovchips.sk\/\",\"name\":\"SlovChips\",\"description\":\"Jedine\u010dn\u00e9 slovensk\u00e9 chipsy\",\"potentialAction\":[{\"@type\":\"SearchAction\",\"target\":{\"@type\":\"EntryPoint\",\"urlTemplate\":\"https:\/\/slovchips.sk\/?s={search_term_string}\"},\"query-input\":{\"@type\":\"PropertyValueSpecification\",\"valueRequired\":true,\"valueName\":\"search_term_string\"}}],\"inLanguage\":\"hu\"}]}<\/script>\n<!-- \/ Yoast SEO plugin. -->","yoast_head_json":{"title":"SlovChips - R\u00f3lunk","robots":{"index":"index","follow":"follow","max-snippet":"max-snippet:-1","max-image-preview":"max-image-preview:large","max-video-preview":"max-video-preview:-1"},"canonical":"https:\/\/slovchips.sk\/hu\/rolunk\/","og_locale":"hu_HU","og_type":"article","og_title":"SlovChips - R\u00f3lunk","og_url":"https:\/\/slovchips.sk\/hu\/rolunk\/","og_site_name":"SlovChips","article_publisher":"https:\/\/www.facebook.com\/slovenskechipsy","article_modified_time":"2020-04-03T13:34:06+00:00","schema":{"@context":"https:\/\/schema.org","@graph":[{"@type":"WebPage","@id":"https:\/\/slovchips.sk\/hu\/rolunk\/","url":"https:\/\/slovchips.sk\/hu\/rolunk\/","name":"SlovChips - R\u00f3lunk","isPartOf":{"@id":"https:\/\/slovchips.sk\/#website"},"datePublished":"2020-04-03T06:58:00+00:00","dateModified":"2020-04-03T13:34:06+00:00","breadcrumb":{"@id":"https:\/\/slovchips.sk\/hu\/rolunk\/#breadcrumb"},"inLanguage":"hu","potentialAction":[{"@type":"ReadAction","target":["https:\/\/slovchips.sk\/hu\/rolunk\/"]}]},{"@type":"BreadcrumbList","@id":"https:\/\/slovchips.sk\/hu\/rolunk\/#breadcrumb","itemListElement":[{"@type":"ListItem","position":1,"name":"Dom\u00e1ca str\u00e1nka","item":"https:\/\/slovchips.sk\/hu\/"},{"@type":"ListItem","position":2,"name":"R\u00f3lunk"}]},{"@type":"WebSite","@id":"https:\/\/slovchips.sk\/#website","url":"https:\/\/slovchips.sk\/","name":"SlovChips","description":"Jedine\u010dn\u00e9 slovensk\u00e9 chipsy","potentialAction":[{"@type":"SearchAction","target":{"@type":"EntryPoint","urlTemplate":"https:\/\/slovchips.sk\/?s={search_term_string}"},"query-input":{"@type":"PropertyValueSpecification","valueRequired":true,"valueName":"search_term_string"}}],"inLanguage":"hu"}]}},"_links":{"self":[{"href":"https:\/\/slovchips.sk\/hu\/wp-json\/wp\/v2\/pages\/1892"}],"collection":[{"href":"https:\/\/slovchips.sk\/hu\/wp-json\/wp\/v2\/pages"}],"about":[{"href":"https:\/\/slovchips.sk\/hu\/wp-json\/wp\/v2\/types\/page"}],"author":[{"embeddable":true,"href":"https:\/\/slovchips.sk\/hu\/wp-json\/wp\/v2\/users\/4"}],"replies":[{"embeddable":true,"href":"https:\/\/slovchips.sk\/hu\/wp-json\/wp\/v2\/comments?post=1892"}],"version-history":[{"count":1,"href":"https:\/\/slovchips.sk\/hu\/wp-json\/wp\/v2\/pages\/1892\/revisions"}],"predecessor-version":[{"id":1893,"href":"https:\/\/slovchips.sk\/hu\/wp-json\/wp\/v2\/pages\/1892\/revisions\/1893"}],"wp:attachment":[{"href":"https:\/\/slovchips.sk\/hu\/wp-json\/wp\/v2\/media?parent=1892"}],"curies":[{"name":"wp","href":"https:\/\/api.w.org\/{rel}","templated":true}]}}