{"id":1925,"date":"2020-04-03T11:03:20","date_gmt":"2020-04-03T09:03:20","guid":{"rendered":"https:\/\/slovchips.sk\/?page_id=1925"},"modified":"2024-02-12T22:02:53","modified_gmt":"2024-02-12T20:02:53","slug":"kapcsolat","status":"publish","type":"page","link":"https:\/\/slovchips.sk\/hu\/kapcsolat\/","title":{"rendered":"Kapcsolat"},"content":{"rendered":"\n<h1 class=\"wp-block-heading\">SlovChips s.r.o.<\/h1>\n\n\n\n<h2 class=\"wp-block-heading\"> Tatransk\u00e1 126, 05311 Smi\u017eany<\/h2>\n\n\n\n<h2 class=\"wp-block-heading\"> (+421) 917 616 208<\/h2>\n\n\n\n<h2 class=\"wp-block-heading\"> (+421) 53 4299635<\/h2>\n\n\n\n<div class=\"cisc-row\"><br><div  class=\" cisc-col-md-4 cisc-col-sm-6 cisc-col-xs-12\"><\/p>\n\n\n\n<h2 class=\"wp-block-heading\">GY\u00c1RT\u00c1SI &nbsp;IGAZGAT\u00d3<\/h2>\n\n\n\n<ul><li>Handlovi\u010d Ivan<\/li><li>(+421) 918 909 363<\/li><li><a href=\"mailto:handlovic@slovchips.sk\">handlovic@slovchips.sk<\/a><\/li><\/ul>\n\n\n\n<p><\/div><div  class=\" cisc-col-md-4 cisc-col-sm-6 cisc-col-xs-12\"><\/p>\n\n\n\n<h2 class=\"wp-block-heading\">KERESKEDELMI &nbsp;IGAZGAT\u00d3<\/h2>\n\n\n\n<ul><li>Benko Pavol<\/li><li>(+421) 917 636 032<\/li><li><a href=\"mailto:obchod@slovchips.sk\">obchod@slovchips.sk<\/a><\/li><\/ul>\n\n\n\n<p><\/div><div  class=\" cisc-col-md-4 cisc-col-sm-6 cisc-col-xs-12\"><\/p>\n\n\n\n<h2 class=\"wp-block-heading\">GAZDAS\u00c1GI &nbsp;R\u00c9SZLEG<\/h2>\n\n\n\n<ul><li>Ivana Slivov\u00e1<\/li><li><a href=\"mailto:uctaren@slovchips.sk\">uctaren@slovchips.sk<\/a><\/li><li>Ra\u010dkov\u00e1 Alica<\/li><li><a href=\"mailto:slovchips@slovchips.sk\">slovchips@slovchips.sk<\/a><\/li><\/ul>\n\n\n\n<p><\/div><br><\/div>\n\n\n\n<div class=\"cisc-row\"><\/p>\n\n\n\n<p><div  class=\" cisc-col-md-4 cisc-col-sm-6 cisc-col-xs-12\"><\/p>\n\n\n\n<h2 class=\"wp-block-heading\">\u00dcZLETK\u00d6T\u0150<\/h2>\n\n\n\n<h4 class=\"wp-block-heading\">KELET SZLOV\u00c1KIA<\/h4>\n\n\n\n<ul><li>Szapola Tom\u00e1\u0161<\/li><li>(+421) 905 309 719<\/li><li><a href=\"mailto:szapola@slovchips.sk\">szapola@slovchips.sk<\/a><\/li><\/ul>\n\n\n\n<p><\/div><div  class=\" cisc-col-md-4 cisc-col-sm-6 cisc-col-xs-12\"><\/p>\n\n\n\n<h2 class=\"wp-block-heading\">\u00dcZLETK\u00d6T\u0150<\/h2>\n\n\n\n<h4 class=\"wp-block-heading\">K\u00d6Z\u00c9P SZLOV\u00c1KIA<\/h4>\n\n\n\n<ul><li>\u013dubica Kri\u0161\u00e1kov\u00e1<\/li><li>(+421) 917 637 024<\/li><li><a href=\"mailto:krisakova@slovchips.sk\">krisakova@slovchips.sk<\/a><\/li><\/ul>\n\n\n\n<p><\/div><\/p>\n\n\n\n<p><div  class=\" cisc-col-md-4 cisc-col-sm-6 cisc-col-xs-12\"><\/p>\n\n\n\n<h2 class=\"wp-block-heading\">\u00dcZLETK\u00d6T\u0150<\/h2>\n\n\n\n<h4 class=\"wp-block-heading\">NYUGAT SZLOV\u00c1KIA<\/h4>\n\n\n\n<ul><li>Martin Pole\u0161ensk\u00fd<\/li><li>(+421) 907 537 414<\/li><li><a href=\"mailto:polesensky@slovchips.sk\">polesensky@slovchips.sk<\/a><\/li><\/ul>\n\n\n\n<p><\/div><\/p>\n\n\n\n<p> <\/div>\n\n\n\n<div class=\"cisc-row\"> <\/p>\n\n\n\n<p> <div  class=\" cisc-col-md-4 cisc-col-sm-6 cisc-col-xs-12\"> <\/p>\n\n\n\n<h2 class=\"wp-block-heading\">Export-import<\/h2>\n\n\n\n<h4 class=\"wp-block-heading\"> K\u00dcLKERESKEDELMI IGAZGAT\u00d3 <\/h4>\n\n\n\n<ul><li>Monika Vantrobov\u00e1<\/li><li>(+421) 905 432 443<\/li><li><a href=\"mailto:export-import@slovchips.sk\">export-import@slovchips.sk<\/a><\/li><\/ul>\n\n\n\n<p><\/div><div  class=\" cisc-col-md-4 cisc-col-sm-6 cisc-col-xs-12\"><\/p>\n\n\n\n<h2 class=\"wp-block-heading\">\u00dcZLETK\u00d6T\u0150<\/h2>\n\n\n\n<h4 class=\"wp-block-heading\">MAGYARORSZ\u00c1G<\/h4>\n\n\n\n<ul><li>Franti\u0161ek Moln\u00e1r<\/li><li>(+421) 905 337 626<\/li><\/ul>\n\n\n\n<p><\/div><\/p>\n\n\n<p><!--EndFragment--><br>\n<br>\n<\/p>\n\n\n<p><div  class=\" cisc-col-md-4 cisc-col-sm-6 cisc-col-xs-12\"><\/p>\n\n\n\n<p><\/div><\/p>\n\n\n\n<p><div  class=\" cisc-col-md-4 cisc-col-sm-6 cisc-col-xs-12\"><\/p>\n\n\n\n<p><\/div><div  class=\" cisc-col-md-4 cisc-col-sm-6 cisc-col-xs-12\"><\/p>\n\n\n\n<p><\/div><\/p>\n\n\n\n<p><\/div>\n\n\n\n<p><\/p>\n\n\n\n<h1 class=\"wp-block-heading\">VEGYE FEL VEL\u00dcNK A&nbsp;KAPCSOLATOT<\/h1>\n\n\n\n\n<div class=\"wpcf7 no-js\" id=\"wpcf7-f1999-o1\" lang=\"sk-SK\" dir=\"ltr\">\n<div class=\"screen-reader-response\"><p role=\"status\" aria-live=\"polite\" aria-atomic=\"true\"><\/p> <ul><\/ul><\/div>\n<form action=\"\/hu\/wp-json\/wp\/v2\/pages\/1925#wpcf7-f1999-o1\" method=\"post\" class=\"wpcf7-form init\" aria-label=\"Kontaktn\u00fd formul\u00e1r\" novalidate=\"novalidate\" data-status=\"init\">\n<div style=\"display: none;\">\n<input type=\"hidden\" name=\"_wpcf7\" value=\"1999\" \/>\n<input type=\"hidden\" name=\"_wpcf7_version\" value=\"5.9.8\" \/>\n<input type=\"hidden\" name=\"_wpcf7_locale\" value=\"sk_SK\" \/>\n<input type=\"hidden\" name=\"_wpcf7_unit_tag\" value=\"wpcf7-f1999-o1\" \/>\n<input type=\"hidden\" name=\"_wpcf7_container_post\" value=\"0\" \/>\n<input type=\"hidden\" name=\"_wpcf7_posted_data_hash\" value=\"\" \/>\n<\/div>\n<p>Az \u00d6n neve (k\u00f6telez\u0151)\n<\/p>\n<p><span class=\"wpcf7-form-control-wrap\" data-name=\"your-name\"><input size=\"40\" maxlength=\"400\" class=\"wpcf7-form-control wpcf7-text wpcf7-validates-as-required\" aria-required=\"true\" aria-invalid=\"false\" value=\"\" type=\"text\" name=\"your-name\" \/><\/span>\n<\/p>\n<p>Az \u00d6n e-mail c\u00edme (k\u00f6telez\u0151)\n<\/p>\n<p><span class=\"wpcf7-form-control-wrap\" data-name=\"your-email\"><input size=\"40\" maxlength=\"400\" class=\"wpcf7-form-control wpcf7-email wpcf7-validates-as-required wpcf7-text wpcf7-validates-as-email\" aria-required=\"true\" aria-invalid=\"false\" value=\"\" type=\"email\" name=\"your-email\" \/><\/span>\n<\/p>\n<p>T\u00e1rgy\n<\/p>\n<p><span class=\"wpcf7-form-control-wrap\" data-name=\"your-subject\"><input size=\"40\" maxlength=\"400\" class=\"wpcf7-form-control wpcf7-text\" aria-invalid=\"false\" value=\"\" type=\"text\" name=\"your-subject\" \/><\/span>\n<\/p>\n<p>Az \u00d6n \u00fczenete\n<\/p>\n<p><span class=\"wpcf7-form-control-wrap\" data-name=\"your-message\"><textarea cols=\"40\" rows=\"10\" maxlength=\"2000\" class=\"wpcf7-form-control wpcf7-textarea\" aria-invalid=\"false\" name=\"your-message\"><\/textarea><\/span>\n<\/p>\n<p><input class=\"wpcf7-form-control wpcf7-submit has-spinner\" type=\"submit\" value=\"K\u00dcLD\u00c9S\" \/>\n<\/p><p style=\"display: none !important;\" class=\"akismet-fields-container\" data-prefix=\"_wpcf7_ak_\"><label>&#916;<textarea name=\"_wpcf7_ak_hp_textarea\" cols=\"45\" rows=\"8\" maxlength=\"100\"><\/textarea><\/label><input type=\"hidden\" id=\"ak_js_1\" name=\"_wpcf7_ak_js\" value=\"200\"\/><script type=\"text\/javascript\">\n\/* <![CDATA[ *\/\ndocument.getElementById( \"ak_js_1\" ).setAttribute( \"value\", ( new Date() ).getTime() );\n\/* ]]> *\/\n<\/script>\n<\/p><div class=\"wpcf7-response-output\" aria-hidden=\"true\"><\/div>\n<\/form>\n<\/div>\n\n","protected":false},"excerpt":{"rendered":"<p>SlovChips s.r.o. Tatransk\u00e1 126, 05311 Smi\u017eany (+421) 917 616 208 (+421) 53 4299635 VEGYE FEL VEL\u00dcNK A&nbsp;KAPCSOLATOT<\/p>\n","protected":false},"author":4,"featured_media":0,"parent":0,"menu_order":0,"comment_status":"closed","ping_status":"closed","template":"template-contact.php","meta":{"footnotes":""},"yoast_head":"<!-- This site is optimized with the Yoast SEO plugin v24.5 - https:\/\/yoast.com\/wordpress\/plugins\/seo\/ -->\n<title>SlovChips - Kapcsolat<\/title>\n<meta name=\"robots\" content=\"index, follow, max-snippet:-1, max-image-preview:large, max-video-preview:-1\" \/>\n<link rel=\"canonical\" href=\"https:\/\/slovchips.sk\/hu\/kapcsolat\/\" \/>\n<meta property=\"og:locale\" content=\"hu_HU\" \/>\n<meta property=\"og:type\" content=\"article\" \/>\n<meta property=\"og:title\" content=\"SlovChips - Kapcsolat\" \/>\n<meta property=\"og:description\" content=\"SlovChips s.r.o. Tatransk\u00e1 126, 05311 Smi\u017eany (+421) 917 616 208 (+421) 53 4299635 VEGYE FEL VEL\u00dcNK A&nbsp;KAPCSOLATOT\" \/>\n<meta property=\"og:url\" content=\"https:\/\/slovchips.sk\/hu\/kapcsolat\/\" \/>\n<meta property=\"og:site_name\" content=\"SlovChips\" \/>\n<meta property=\"article:publisher\" content=\"https:\/\/www.facebook.com\/slovenskechipsy\" \/>\n<meta property=\"article:modified_time\" content=\"2024-02-12T20:02:53+00:00\" \/>\n<meta name=\"twitter:label1\" content=\"Becs\u00fclt olvas\u00e1si id\u0151\" \/>\n\t<meta name=\"twitter:data1\" content=\"1 perc\" \/>\n<script type=\"application\/ld+json\" class=\"yoast-schema-graph\">{\"@context\":\"https:\/\/schema.org\",\"@graph\":[{\"@type\":\"WebPage\",\"@id\":\"https:\/\/slovchips.sk\/hu\/kapcsolat\/\",\"url\":\"https:\/\/slovchips.sk\/hu\/kapcsolat\/\",\"name\":\"SlovChips - Kapcsolat\",\"isPartOf\":{\"@id\":\"https:\/\/slovchips.sk\/en\/#website\"},\"datePublished\":\"2020-04-03T09:03:20+00:00\",\"dateModified\":\"2024-02-12T20:02:53+00:00\",\"breadcrumb\":{\"@id\":\"https:\/\/slovchips.sk\/hu\/kapcsolat\/#breadcrumb\"},\"inLanguage\":\"hu\",\"potentialAction\":[{\"@type\":\"ReadAction\",\"target\":[\"https:\/\/slovchips.sk\/hu\/kapcsolat\/\"]}]},{\"@type\":\"BreadcrumbList\",\"@id\":\"https:\/\/slovchips.sk\/hu\/kapcsolat\/#breadcrumb\",\"itemListElement\":[{\"@type\":\"ListItem\",\"position\":1,\"name\":\"Dom\u00e1ca str\u00e1nka\",\"item\":\"https:\/\/www.slovchips.sk\/hu\/\"},{\"@type\":\"ListItem\",\"position\":2,\"name\":\"Kapcsolat\"}]},{\"@type\":\"WebSite\",\"@id\":\"https:\/\/slovchips.sk\/en\/#website\",\"url\":\"https:\/\/slovchips.sk\/en\/\",\"name\":\"SlovChips\",\"description\":\"Jedine\u010dn\u00e9 slovensk\u00e9 chipsy\",\"potentialAction\":[{\"@type\":\"SearchAction\",\"target\":{\"@type\":\"EntryPoint\",\"urlTemplate\":\"https:\/\/slovchips.sk\/en\/?s={search_term_string}\"},\"query-input\":{\"@type\":\"PropertyValueSpecification\",\"valueRequired\":true,\"valueName\":\"search_term_string\"}}],\"inLanguage\":\"hu\"}]}<\/script>\n<!-- \/ Yoast SEO plugin. -->","yoast_head_json":{"title":"SlovChips - Kapcsolat","robots":{"index":"index","follow":"follow","max-snippet":"max-snippet:-1","max-image-preview":"max-image-preview:large","max-video-preview":"max-video-preview:-1"},"canonical":"https:\/\/slovchips.sk\/hu\/kapcsolat\/","og_locale":"hu_HU","og_type":"article","og_title":"SlovChips - Kapcsolat","og_description":"SlovChips s.r.o. Tatransk\u00e1 126, 05311 Smi\u017eany (+421) 917 616 208 (+421) 53 4299635 VEGYE FEL VEL\u00dcNK A&nbsp;KAPCSOLATOT","og_url":"https:\/\/slovchips.sk\/hu\/kapcsolat\/","og_site_name":"SlovChips","article_publisher":"https:\/\/www.facebook.com\/slovenskechipsy","article_modified_time":"2024-02-12T20:02:53+00:00","twitter_misc":{"Becs\u00fclt olvas\u00e1si id\u0151":"1 perc"},"schema":{"@context":"https:\/\/schema.org","@graph":[{"@type":"WebPage","@id":"https:\/\/slovchips.sk\/hu\/kapcsolat\/","url":"https:\/\/slovchips.sk\/hu\/kapcsolat\/","name":"SlovChips - Kapcsolat","isPartOf":{"@id":"https:\/\/slovchips.sk\/en\/#website"},"datePublished":"2020-04-03T09:03:20+00:00","dateModified":"2024-02-12T20:02:53+00:00","breadcrumb":{"@id":"https:\/\/slovchips.sk\/hu\/kapcsolat\/#breadcrumb"},"inLanguage":"hu","potentialAction":[{"@type":"ReadAction","target":["https:\/\/slovchips.sk\/hu\/kapcsolat\/"]}]},{"@type":"BreadcrumbList","@id":"https:\/\/slovchips.sk\/hu\/kapcsolat\/#breadcrumb","itemListElement":[{"@type":"ListItem","position":1,"name":"Dom\u00e1ca str\u00e1nka","item":"https:\/\/www.slovchips.sk\/hu\/"},{"@type":"ListItem","position":2,"name":"Kapcsolat"}]},{"@type":"WebSite","@id":"https:\/\/slovchips.sk\/en\/#website","url":"https:\/\/slovchips.sk\/en\/","name":"SlovChips","description":"Jedine\u010dn\u00e9 slovensk\u00e9 chipsy","potentialAction":[{"@type":"SearchAction","target":{"@type":"EntryPoint","urlTemplate":"https:\/\/slovchips.sk\/en\/?s={search_term_string}"},"query-input":{"@type":"PropertyValueSpecification","valueRequired":true,"valueName":"search_term_string"}}],"inLanguage":"hu"}]}},"_links":{"self":[{"href":"https:\/\/slovchips.sk\/hu\/wp-json\/wp\/v2\/pages\/1925"}],"collection":[{"href":"https:\/\/slovchips.sk\/hu\/wp-json\/wp\/v2\/pages"}],"about":[{"href":"https:\/\/slovchips.sk\/hu\/wp-json\/wp\/v2\/types\/page"}],"author":[{"embeddable":true,"href":"https:\/\/slovchips.sk\/hu\/wp-json\/wp\/v2\/users\/4"}],"replies":[{"embeddable":true,"href":"https:\/\/slovchips.sk\/hu\/wp-json\/wp\/v2\/comments?post=1925"}],"version-history":[{"count":5,"href":"https:\/\/slovchips.sk\/hu\/wp-json\/wp\/v2\/pages\/1925\/revisions"}],"predecessor-version":[{"id":2568,"href":"https:\/\/slovchips.sk\/hu\/wp-json\/wp\/v2\/pages\/1925\/revisions\/2568"}],"wp:attachment":[{"href":"https:\/\/slovchips.sk\/hu\/wp-json\/wp\/v2\/media?parent=1925"}],"curies":[{"name":"wp","href":"https:\/\/api.w.org\/{rel}","templated":true}]}}